{"id":59,"date":"2019-12-07T13:38:21","date_gmt":"2019-12-07T13:38:21","guid":{"rendered":"http:\/\/localhost\/krtk\/typerocket\/wordpress\/?page_id=59"},"modified":"2022-10-10T08:59:18","modified_gmt":"2022-10-10T08:59:18","slug":"futo-projektek","status":"publish","type":"page","link":"https:\/\/test.adatbank.krtk.mta.hu\/en\/kutatoszoba\/futo-projektek\/","title":{"rendered":"Projects"},"content":{"rendered":"\n<p><strong>State of\nhealth at birth \u2013 Regional inequalities and effects on employment<\/strong> (Hajdu\nTam\u00e1s \u2013 Kertesi G\u00e1bor \u2013 K\u00e9zdi G\u00e1bor&nbsp; \u2013\nK\u00f6ll\u0151 J\u00e1nos \u2013 Szab\u00f3-Morvai \u00c1gnes \u2013 B\u00edr\u00f3 Anik\u00f3 \u2013 Elek P\u00e9ter- Szab\u00f3 Lajos Tam\u00e1s \u2013\nVarga J\u00falia- Beny\u00e1k Barnab\u00e1s \u2013 Nagy Krist\u00f3f \u2013 H\u00f6nich Hel\u00e9na)<\/p>\n\n\n\n<p><strong>The\nlong-term effects of selectivity in the education system on the labor market\nopportunities of pupils<\/strong> (Horn D\u00e1niel)<\/p>\n\n\n\n<p><strong>Technological\nproximity, ownership and firm dynamics in 1992-2012<\/strong> <strong>\u2013 Networks in the product space<\/strong> ( Kiss\nK\u00e1roly Mikl\u00f3s \u2013 Lengyel Bal\u00e1zs \u2013L\u0151rincz L\u00e1szl\u00f3) <\/p>\n\n\n\n<p><strong>The composition\nof the prison population in 2001 and 2011<\/strong> (Czafit\nBence \u2013 K\u00f6ll\u0151 J\u00e1nos \u2013 Seb\u0151k Anna) <\/p>\n\n\n\n<p><strong>Enterprise\nbehavior, heterogeneity and their impact on competitiveness<\/strong> (Murak\u00f6zy\nBal\u00e1zs \u2013 B\u00e9k\u00e9s G\u00e1bor \u2013 Koren Mikl\u00f3s- Holler Zsuzsanna-Szab\u00f3 Istv\u00e1n -Juh\u00e1sz Boldizs\u00e1r-\nRitter Kinga- S\u00e1pi Zolt\u00e1n- Vonn\u00e1k Dzsamila \u2013 Bisztray M\u00e1rta \u2013 Reizer Bal\u00e1zs \u2013\nLindner Attila S\u00e1ndor \u2013 Olena Chystiakova) <\/p>\n\n\n\n<p><strong>The role\nof firm heterogeneity in shaping efficiency and export performance<\/strong> (Murak\u00f6zy\nBal\u00e1zs \u2013 B\u00e9k\u00e9s G\u00e1bor \u2013 Koren Mikl\u00f3s \u2013 Vonn\u00e1k Dzsamila \u2013 Bisztray M\u00e1rta \u2013\nHalpern L\u00e1szl\u00f3 \u2013 Szentistv\u00e1nyi Istv\u00e1n J\u00e1nos) &nbsp;<\/p>\n\n\n\n<p><strong>Urban\ndevelopment and social change in Budapest\u2019s J\u00f3zsefv\u00e1ros district <\/strong>(Czirfusz\nM\u00e1rton \u2013 Jelinek Csaba) <\/p>\n\n\n\n<p><strong>Network\neffects in within-country migration<\/strong> (Lengyel\nBal\u00e1zs \u2013 L\u0151rincz L\u00e1szl\u00f3 \u2013 N\u00e9meth Brigitta) <\/p>\n\n\n\n<p><strong>Climate\nshocks and their short and long term implications: pregnancy outcomes, health\nat birth, mortality, educational and labor market outcomes<\/strong> (Hajdu\nG\u00e1bor \u2013 Hajdu Tam\u00e1s<\/p>\n\n\n\n<p><strong>The\nheterogeneous effects of mandatory school age regulations<\/strong> (K\u00e9zdi\nG\u00e1bor \u2013 Adamecz-V\u00f6lgyi Anna)<\/p>\n\n\n\n<p><strong>Competitiveness,\nforeign trade and wages<\/strong> (Murak\u00f6zy Bal\u00e1zs)<\/p>\n\n\n\n<p><strong>Defining\nlocal labor markets using high-resolution geographical data<\/strong> (K\u00f6ll\u0151\nJ\u00e1nos \u2013 Boza Istv\u00e1n \u2013 Szab\u00f3 Endre \u2013 Tir Melinda \u2013 Czethoffer \u00c9va- Seb\u0151k Anna) <\/p>\n\n\n\n<p><strong>Links\nbetween product portfolio and productivity on the firm level<\/strong> (Koren\nMikl\u00f3s \u2013 Szab\u00f3 Istv\u00e1n) <\/p>\n\n\n\n<p><strong>The\neffects of the reforms of vocational training in 1998 and 2010-2012<\/strong> (Hermann\nZolt\u00e1n) <\/p>\n\n\n\n<p><strong>Analyzing\nbuyer-supplier connections<\/strong> (Murak\u00f6zy Bal\u00e1zs \u2013 Halpern L\u00e1szl\u00f3 \u2013\nB\u00e9k\u00e9s G\u00e1bor \u2013 Koren Mikl\u00f3s \u2013 Vonn\u00e1k Dzsamila \u2013 Reizer Bal\u00e1zs \u2013 Lindner Attila \u2013\nBisztray M\u00e1rta \u2013 Boza Istv\u00e1n- Juh\u00e1sz Boldizs\u00e1r)<\/p>\n\n\n\n<p><strong>Local\npolicies and the reproduction of marginality in declining cities<\/strong> (Ko\u00f3s\nB\u00e1lint- Kov\u00e1cs Katalin- Tim\u00e1r Judit- Vir\u00e1g T\u00fcnde- Hamar Anna- Jelinek Csaba-\nMih\u00e1ly Melinda- Tagai Gergely- Velekey G\u00e1bor- V\u00e1radi M\u00f3nika M\u00e1rta- Tir Melinda-\nCzirfusz M\u00e1rton- P\u00f3sfai Istv\u00e1n- Josef Bernard \u2013 Martin Simon) <\/p>\n\n\n\n<p><strong>The\neffects of tightening abortion regulations on infant health and the social and\neconomic characteristics of children and parents<\/strong> (Hajdu\nTam\u00e1s \u2013 Hajdu G\u00e1bor) <\/p>\n\n\n\n<p><strong>The expected\neffect of climate change on Hungarian labor markets<\/strong> (K\u00f6ll\u0151\nJ\u00e1nos \u2013 Czirfusz M\u00e1rton \u2013 Tir Melinda \u2013 Szab\u00f3 Endre- Beny\u00e1k Barnab\u00e1s) <\/p>\n\n\n\n<p><strong>Human\ncapital accumulation in Hungary\u2019s micro regions in 1990-2016<\/strong> &nbsp;(Bak\u00f3 Tam\u00e1s \u2013 K\u00e1lm\u00e1n Judit- Tir Melinda) <\/p>\n\n\n\n<p><strong>The\nshort- and long-term effects of pro-natalist policies<\/strong> (Szab\u00f3-Morvai\n\u00c1gnes \u2013 Kertesi G\u00e1bor \u2013 Adamecz-V\u00f6lgyi Anna \u2013 B\u00e1rdits Anna) <\/p>\n\n\n\n<p><strong>The\neffects of decreasing the school leaving age<\/strong> (Seb\u0151k\nAnna \u2013 K\u00f6ll\u0151 J\u00e1nos \u2013 Fritz Schiltz &#8211; Szab\u00f3 Lajos Tam\u00e1s) <\/p>\n\n\n\n<p><strong>Health\nand society<\/strong> (Kertesi G\u00e1bor- B\u00edr\u00f3 Anik\u00f3- Hajdu Tam\u00e1s- Szab-Morvai\n\u00c1gnes- Elek P\u00e9ter- Berkovics Be\u00e1ta- Varga J\u00falia- Beny\u00e1k Barnab\u00e1s- Nagy Krist\u00f3f-\nM\u00e1rk Lili Katalin- Csillag M\u00e1rton) <\/p>\n\n\n\n<p><strong>The\neffects of family policies on fertility<\/strong> (Szab\u00f3-\nMorvai \u00c1gne \u2013 Bord\u00f6s Katalin) <\/p>\n\n\n\n<p><strong>The\nHungarian Labor Market Yearbook 2018<\/strong> (Hermann\nZolt\u00e1n \u2013 Varga J\u00falia \u2013 Horn D\u00e1niel \u2013 Csillag M\u00e1rton \u2013 Scharle \u00c1gota- Gerskovics\nBorb\u00e1la \u2013 Moln\u00e1r Tam\u00e1s \u2013 T\u00f3th Endre \u2013 Seb\u0151k Anna \u2013 Tir Melinda \u2013 Szab\u00f3 Endre \u2013\nSinka- Gr\u00f3sz Zsuzsanna- K\u00f6ll\u0151 J\u00e1nos \u2013 B\u00e1lint M\u00f3nika)<\/p>\n\n\n\n<p><strong>REPAiR \u2013\nREsource Management in Peri-urban AReas: Going Beyond Urban Metabolism<\/strong> (Szab\u00f3\nTam\u00e1s \u2013 Varj\u00fa Viktor) <\/p>\n\n\n\n<p><strong>Relationships\nin the period between entry to adulthood and child birth<\/strong> (Tak\u00e1cs\nK\u00e1roly \u2013 Gal\u00e1ntai J\u00falia \u2013 Samu Fl\u00f3ra).<\/p>\n\n\n\n<p><strong>Estimating\nproductivity and its determinants<\/strong> (Bisztray M\u00e1rta \u2013 Murak\u00f6zy Bal\u00e1zs \u2013\nReizer Bal\u00e1zs \u2013 B\u00e9k\u00e9s G\u00e1bor \u2013 Halpern L\u00e1szl\u00f3 \u2013 Vonn\u00e1k Dzsamila \u2013 Kimmer Di\u00e1na \u2013\nNeubrandt Istv\u00e1n Martin- Gy\u00f6ngy\u00f6si Gy\u0151z\u0151 \u2013 Pet\u0151 Rita) <\/p>\n\n\n\n<p><strong>Social\nchallenges in energy use<\/strong> (Gy\u0151ri \u00c1gnes \u2013 K\u0151szeghy Lea \u2013 Csizmady\nAdrienne \u2013 Megyesi Boldizs\u00e1r \u2013 Ferencz Zolt\u00e1n \u2013 Bal\u00e1zs Andr\u00e1s) <\/p>\n\n\n\n<p><strong>The role\nof family and community in solving housing issues<\/strong> (Kov\u00e1ts\nBence) <\/p>\n\n\n\n<p><strong>Occupational\ncomposition in contemporary Hungary \u2013 The spread of automation and project\nbased employment in Hungary\u2019s regions <\/strong>(K\u00f6ll\u0151\nJ\u00e1nos \u2013 F\u00fcz\u00e9r Katalin \u2013 Husz\u00e1r \u00c1kos \u2013 Ill\u00e9ssy Mikl\u00f3s \u2013 Bodor \u00c1kos- Gr\u00fcnhut\nZolt\u00e1n \u2013 Pirmajer Attila \u2013 B\u00e1lint Lajos) <\/p>\n\n\n\n<p><strong>Farming\nand its surroundings<\/strong> (Kir\u00e1ly G\u00e1bor \u2013Ko\u00f3s B\u00e1lint \u2013Kov\u00e1cs\nKatalin)<\/p>\n\n\n\n<p><strong>Higher\nschool leaving age \u2013 Higher educational attainment?<\/strong> (Dobos\nVivien \u2013 Horn D\u00e1niel)<\/p>\n\n\n\n<p><strong>Impact\nstudies using micro data<\/strong> (Bak\u00f3 Tam\u00e1s \u2013 Cseres-Gergely Zsombor) <\/p>\n\n\n\n<p><strong>The\nimpact of childcare on female labor market outcomes, with special emphasis on\nflexible work arrangements<\/strong> (Lov\u00e1sz Anna \u2013 Szab\u00f3-Morvai \u00c1gnes) <\/p>\n\n\n\n<p><strong>The\neffect of increased school leaving age on teenage pregnancy<\/strong> (Adamecz\nAnna \u2013 Samu Fl\u00f3ra \u2013 Scharle \u00c1gota) <\/p>\n\n\n\n<p><strong>Multivariate\nanalysis of migrants\u2019 integration<\/strong> (Czegl\u00e9di Tibor \u2013 Fazekas K\u00e1roly \u2013 H\u00e1rs\n\u00c1gnes \u2013 K\u00e1rolyi R\u00f3bert Viktor \u2013 Szab\u00f3 Endre) <\/p>\n\n\n\n<p><strong>Labor\nmarket outlook 2015 and 2016 \u2013 Effects on the budget and growth<\/strong>\n(Hermann Zolt\u00e1n) <\/p>\n\n\n\n<p><strong>Economic,\nsocial and political responses to regional polarization in CEE<\/strong><\/p>\n\n\n\n<p><strong>Regional\nmobility and social-regional polarization in Hungary and Romania<\/strong> (P\u00f3sfai\nZsuzsanna \u2013 Aura Moldovan) <\/p>\n\n\n\n<p><strong>The\neffect of compulsory kindergarten attendance on mothers\u2019 labor market outcomes<\/strong> (Szab\u00f3-Morvai\n\u00c1gnes\u2013Hal\u00e1sz Anita\u2013Bruce Benjamin) <\/p>\n\n\n\n<p><strong>Impact\nof changes in family allowance on fertility and birth outcomes<\/strong> (Szab\u00f3\nBence) <\/p>\n\n\n\n<p><strong>Russia-related\nfirm clusters in Hungary<\/strong> (De\u00e1k Andr\u00e1s) <\/p>\n\n\n\n<p><strong>Effect\nof the GYED Extra program on birth outcomes<\/strong> (Szab\u00f3-Morvai\n\u00c1gnes<\/p>\n\n\n\n<p><strong>The\nHungarian Labor Market Yearbook 2017 (<\/strong>Fazekas K\u00e1roly-K\u00f6ll\u0151\nJ\u00e1nos-B\u00e1lint M\u00f3nika-B\u00e1rdits Anna-B\u00edr\u00f3 Anik\u00f3-Csillag M\u00e1rton P\u00e9ter-Elek\nP\u00e9ter-Hajdu Tam\u00e1s-Hermann Zolt\u00e1n-K\u00e1lm\u00e1n Judit Olga-K\u00e1rolyi R\u00f3bert\nViktor-Kertesi G\u00e1bor-Lov\u00e1sz Anna-Seb\u0151k Anna-Simonovits Andr\u00e1s- Szab\u00f3-Morvai\n\u00c1gnes-Tir Melinda-Varga J\u00falia-Vargha Lili)<\/p>\n\n\n\n<p><strong>Individual\nand institutional responses to changes in government, in regional context<\/strong> (Tim\u00e1r\nJudit-Velkey G\u00e1bor-Nagy Erika-Nagy G\u00e1bor-Dud\u00e1s G\u00e1bor-Perger \u00c9va-Farkas Jen\u0151\nZsolt-Kov\u00e1cs Andr\u00e1s Don\u00e1t-Szab\u00f3 Endre-Tir Melinda)<\/p>\n","protected":false},"excerpt":{"rendered":"<p>State of health at birth \u2013 Regional inequalities and effects on employment (Hajdu Tam\u00e1s \u2013 Kertesi G\u00e1bor \u2013 K\u00e9zdi G\u00e1bor&nbsp; \u2013 K\u00f6ll\u0151 J\u00e1nos \u2013 Szab\u00f3-Morvai \u00c1gnes \u2013 B\u00edr\u00f3 Anik\u00f3 \u2013 Elek P\u00e9ter- Szab\u00f3 Lajos Tam\u00e1s \u2013 Varga J\u00falia- Beny\u00e1k Barnab\u00e1s \u2013 Nagy Krist\u00f3f \u2013 H\u00f6nich Hel\u00e9na) The long-term effects of selectivity in the education system [&hellip;]<\/p>\n","protected":false},"author":1,"featured_media":0,"parent":24,"menu_order":0,"comment_status":"closed","ping_status":"closed","template":"pillar-page.php","meta":[],"_links":{"self":[{"href":"https:\/\/test.adatbank.krtk.mta.hu\/en\/wp-json\/wp\/v2\/pages\/59"}],"collection":[{"href":"https:\/\/test.adatbank.krtk.mta.hu\/en\/wp-json\/wp\/v2\/pages"}],"about":[{"href":"https:\/\/test.adatbank.krtk.mta.hu\/en\/wp-json\/wp\/v2\/types\/page"}],"author":[{"embeddable":true,"href":"https:\/\/test.adatbank.krtk.mta.hu\/en\/wp-json\/wp\/v2\/users\/1"}],"replies":[{"embeddable":true,"href":"https:\/\/test.adatbank.krtk.mta.hu\/en\/wp-json\/wp\/v2\/comments?post=59"}],"version-history":[{"count":0,"href":"https:\/\/test.adatbank.krtk.mta.hu\/en\/wp-json\/wp\/v2\/pages\/59\/revisions"}],"up":[{"embeddable":true,"href":"https:\/\/test.adatbank.krtk.mta.hu\/en\/wp-json\/wp\/v2\/pages\/24"}],"wp:attachment":[{"href":"https:\/\/test.adatbank.krtk.mta.hu\/en\/wp-json\/wp\/v2\/media?parent=59"}],"curies":[{"name":"wp","href":"https:\/\/api.w.org\/{rel}","templated":true}]}}