{"id":97,"date":"2019-12-08T23:07:47","date_gmt":"2019-12-08T23:07:47","guid":{"rendered":"http:\/\/localhost\/krtk\/typerocket\/wordpress\/?page_id=97"},"modified":"2023-05-10T12:10:56","modified_gmt":"2023-05-10T12:10:56","slug":"t","status":"publish","type":"page","link":"https:\/\/test.adatbank.krtk.mta.hu\/en\/","title":{"rendered":""},"content":{"rendered":"\n<h2 class=\"has-text-align-center\"> Greetings <\/h2>\n\n\n\n<div class=\"home-welcome\">\n <div class=\"welcome-img\">\n<figure class=\"wp-block-image size-large\"><img src=\"http:\/\/test.adatbank.krtk.mta.hu\/wordpress\/wp-content\/uploads\/2020\/02\/kollo_janos_1.png\" alt=\"\" class=\"wp-image-91\"><\/figure>\n<p>K\u00f6ll\u0151 J\u00e1nos<\/p>\n<span>Databank head of profession<\/span>\n<\/div>\n\n<p>\n<\/p><div style=\"text-align:left; font-size:20px\">\n<br> \n<br> \n<p>\nWelcome to the Databank of the CERS!\n<\/p><p>\n\nHere you will find information about the Databank, the available micro data, the research room, the conditions of access, and our services. You can also download time series of key indicators of the Hungarian labor market, dating back to the late 1980s and early 1990s.\n\n<\/p><p>  \n\n\n<\/p><\/div>\n<p><\/p>\n<\/div>\n\n\n\n<p><\/p>\n","protected":false},"excerpt":{"rendered":"<p>Greetings K\u00f6ll\u0151 J\u00e1nos Databank head of profession Welcome to the Databank of the CERS! Here you will find information about the Databank, the available micro data, the research room, the conditions of access, and our services. You can also download time series of key indicators of the Hungarian labor market, dating back to the late [&hellip;]<\/p>\n","protected":false},"author":1,"featured_media":0,"parent":0,"menu_order":0,"comment_status":"closed","ping_status":"closed","template":"home-page.php","meta":[],"_links":{"self":[{"href":"https:\/\/test.adatbank.krtk.mta.hu\/en\/wp-json\/wp\/v2\/pages\/97"}],"collection":[{"href":"https:\/\/test.adatbank.krtk.mta.hu\/en\/wp-json\/wp\/v2\/pages"}],"about":[{"href":"https:\/\/test.adatbank.krtk.mta.hu\/en\/wp-json\/wp\/v2\/types\/page"}],"author":[{"embeddable":true,"href":"https:\/\/test.adatbank.krtk.mta.hu\/en\/wp-json\/wp\/v2\/users\/1"}],"replies":[{"embeddable":true,"href":"https:\/\/test.adatbank.krtk.mta.hu\/en\/wp-json\/wp\/v2\/comments?post=97"}],"version-history":[{"count":0,"href":"https:\/\/test.adatbank.krtk.mta.hu\/en\/wp-json\/wp\/v2\/pages\/97\/revisions"}],"wp:attachment":[{"href":"https:\/\/test.adatbank.krtk.mta.hu\/en\/wp-json\/wp\/v2\/media?parent=97"}],"curies":[{"name":"wp","href":"https:\/\/api.w.org\/{rel}","templated":true}]}}